{"id":3839,"date":"2023-10-23T14:03:40","date_gmt":"2023-10-23T14:03:40","guid":{"rendered":"https:\/\/anexum.eu\/?page_id=3839"},"modified":"2026-03-23T13:41:25","modified_gmt":"2026-03-23T13:41:25","slug":"impressum","status":"publish","type":"page","link":"https:\/\/anexum.eu\/en\/impressum\/","title":{"rendered":"Impress"},"content":{"rendered":"<div data-elementor-type=\"wp-page\" data-elementor-id=\"3839\" class=\"elementor elementor-3839\" data-elementor-post-type=\"page\">\n\t\t\t\t<div class=\"elementor-element elementor-element-4c14eb6 e-flex e-con-boxed e-con e-parent\" data-id=\"4c14eb6\" data-element_type=\"container\">\n\t\t\t\t\t<div class=\"e-con-inner\">\n\t\t<div class=\"elementor-element elementor-element-d28ce47 e-con-full e-flex e-con e-child\" data-id=\"d28ce47\" data-element_type=\"container\">\n\t\t\t\t<div class=\"elementor-element elementor-element-38794a5 elementor-widget elementor-widget-heading\" data-id=\"38794a5\" data-element_type=\"widget\" data-widget_type=\"heading.default\">\n\t\t\t\t<div class=\"elementor-widget-container\">\n\t\t\t\t\t<h2 class=\"elementor-heading-title elementor-size-default\">Contact<\/h2>\t\t\t\t<\/div>\n\t\t\t\t<\/div>\n\t\t\t\t<div class=\"elementor-element elementor-element-f2506c2 elementor-widget elementor-widget-text-editor\" data-id=\"f2506c2\" data-element_type=\"widget\" data-widget_type=\"text-editor.default\">\n\t\t\t\t<div class=\"elementor-widget-container\">\n\t\t\t\t\t\t\t\t\t<p><strong>Anexum GmbH<\/strong><br \/>Pfarrgasse 16<br \/>A-7000 Eisenstadt<br \/>Phone: <span style=\"color: #719a82;\"><a style=\"color: #719a82;\" href=\"tel: +43 2682 23344-0\">+43 2682 23344-0<\/a><\/span><br \/>E-Mail: <span style=\"color: #719a82;\"><a style=\"color: #719a82;\" href=\"mailto:office@anexum.at\">office@anexum.at<\/a><\/span><\/p>\t\t\t\t\t\t\t\t<\/div>\n\t\t\t\t<\/div>\n\t\t\t\t<\/div>\n\t\t<div class=\"elementor-element elementor-element-de2d9a1 e-con-full e-flex e-con e-child\" data-id=\"de2d9a1\" data-element_type=\"container\">\n\t\t\t\t<div class=\"elementor-element elementor-element-d945800 elementor-widget elementor-widget-image\" data-id=\"d945800\" data-element_type=\"widget\" data-widget_type=\"image.default\">\n\t\t\t\t<div class=\"elementor-widget-container\">\n\t\t\t\t\t\t\t\t\t\t\t\t<figure class=\"wp-caption\">\n\t\t\t\t\t\t\t\t\t\t<img fetchpriority=\"high\" decoding=\"async\" width=\"768\" height=\"346\" src=\"https:\/\/anexum.eu\/wp-content\/uploads\/2023\/09\/anexum_logo_white-768x346.jpg\" class=\"attachment-medium_large size-medium_large wp-image-2587\" alt=\"\" srcset=\"https:\/\/anexum.eu\/wp-content\/uploads\/2023\/09\/anexum_logo_white-768x346.jpg 768w, https:\/\/anexum.eu\/wp-content\/uploads\/2023\/09\/anexum_logo_white-300x135.jpg 300w, https:\/\/anexum.eu\/wp-content\/uploads\/2023\/09\/anexum_logo_white-1024x461.jpg 1024w, https:\/\/anexum.eu\/wp-content\/uploads\/2023\/09\/anexum_logo_white-1536x691.jpg 1536w, https:\/\/anexum.eu\/wp-content\/uploads\/2023\/09\/anexum_logo_white-2048x922.jpg 2048w, https:\/\/anexum.eu\/wp-content\/uploads\/2023\/09\/anexum_logo_white-1920x864.jpg 1920w\" sizes=\"(max-width: 768px) 100vw, 768px\" \/>\t\t\t\t\t\t\t\t\t\t\t<figcaption class=\"widget-image-caption wp-caption-text\"><\/figcaption>\n\t\t\t\t\t\t\t\t\t\t<\/figure>\n\t\t\t\t\t\t\t\t\t<\/div>\n\t\t\t\t<\/div>\n\t\t\t\t<\/div>\n\t\t\t\t\t<\/div>\n\t\t\t\t<\/div>\n\t\t<div class=\"elementor-element elementor-element-76a4989 e-flex e-con-boxed e-con e-parent\" data-id=\"76a4989\" data-element_type=\"container\">\n\t\t\t\t\t<div class=\"e-con-inner\">\n\t\t\t\t<div class=\"elementor-element elementor-element-103eb3b elementor-widget elementor-widget-text-editor\" data-id=\"103eb3b\" data-element_type=\"widget\" data-widget_type=\"text-editor.default\">\n\t\t\t\t<div class=\"elementor-widget-container\">\n\t\t\t\t\t\t\t\t\t<p><strong>Company<br><\/strong>Anexum GmbH<strong>&nbsp;<\/strong><\/p>\n<p><strong>CEO<br><\/strong>Ing. Markus Scherzer<\/p>\n<p><strong>Companies Register Number<br><\/strong>FN 577098z<br><strong><br>Tax-ID<br><\/strong>VAT: ATU 78015407<br>Tax-ID: 09 398\/2486<br><strong><br>Bank Details:<br><\/strong>Bank Name:<br>IBAN: AT89 2011 1845 5119 8400<br>BIC: GIBAATWWXXX<\/p>\n<p><strong>Image Sources<br><\/strong>The images published on this website were provided by Anexum GmbH.<br>Portraits of the shareholders and employees of Anexum GmbH were self-produced and released.<\/p>\n<p><strong>Web Design and Development<\/strong><br>Ing. Markus Scherzer<\/p>\n<p><strong>You can download our Terms and Conditions here:<\/strong><\/p>\n<p><a href=\"https:\/\/anexum.eu\/wp-content\/uploads\/2024\/01\/AGB-Anexum-GmbH_de.pdf\" target=\"_blank\" rel=\"noopener\"><span style=\"text-decoration: underline;\"><span style=\"color: #719a82; text-decoration: underline;\">ToS Anexum<\/span><\/span><\/a><\/p>\t\t\t\t\t\t\t\t<\/div>\n\t\t\t\t<\/div>\n\t\t\t\t\t<\/div>\n\t\t\t\t<\/div>\n\t\t\t\t<\/div>","protected":false},"excerpt":{"rendered":"<p>Kontakt Anexum GmbHPfarrgasse 16A-7000 EisenstadtTel.: +43 2682 23344-0E-Mail: office@anexum.at UnternehmenAnexum GmbH&nbsp; Gesch\u00e4ftsf\u00fchrerIng. Markus Scherzer FirmenbuchnummerFN 577098zSteuernummernUID: ATU 78015407Steuernummer: 09 398\/2486BankverbindungBankname: Erste Bank SparkasseIBAN: AT89 2011 1845 5119 8400BIC: GIBAATWWXXX BilderquellenverzeichnisDie auf dieser Website ver\u00f6ffentlichten Bilder wurden von Anexum GmbH zur Verf\u00fcgung gestellt.Portr\u00e4ts der Gesellschafter und Angestellten von Anexum GmbH wurden selbst produziert und freigegeben. Webdesign&#8230;<\/p>","protected":false},"author":2,"featured_media":0,"parent":0,"menu_order":0,"comment_status":"closed","ping_status":"closed","template":"","meta":{"_kad_post_transparent":"","_kad_post_title":"","_kad_post_layout":"","_kad_post_sidebar_id":"","_kad_post_content_style":"","_kad_post_vertical_padding":"","_kad_post_feature":"","_kad_post_feature_position":"","_kad_post_header":false,"_kad_post_footer":false,"footnotes":""},"class_list":["post-3839","page","type-page","status-publish","hentry"],"_links":{"self":[{"href":"https:\/\/anexum.eu\/en\/wp-json\/wp\/v2\/pages\/3839","targetHints":{"allow":["GET"]}}],"collection":[{"href":"https:\/\/anexum.eu\/en\/wp-json\/wp\/v2\/pages"}],"about":[{"href":"https:\/\/anexum.eu\/en\/wp-json\/wp\/v2\/types\/page"}],"author":[{"embeddable":true,"href":"https:\/\/anexum.eu\/en\/wp-json\/wp\/v2\/users\/2"}],"replies":[{"embeddable":true,"href":"https:\/\/anexum.eu\/en\/wp-json\/wp\/v2\/comments?post=3839"}],"version-history":[{"count":11,"href":"https:\/\/anexum.eu\/en\/wp-json\/wp\/v2\/pages\/3839\/revisions"}],"predecessor-version":[{"id":6674,"href":"https:\/\/anexum.eu\/en\/wp-json\/wp\/v2\/pages\/3839\/revisions\/6674"}],"wp:attachment":[{"href":"https:\/\/anexum.eu\/en\/wp-json\/wp\/v2\/media?parent=3839"}],"curies":[{"name":"wp","href":"https:\/\/api.w.org\/{rel}","templated":true}]}}